{"id":1142,"date":"2018-05-23T11:18:32","date_gmt":"2018-05-23T09:18:32","guid":{"rendered":"https:\/\/www.chevala2pattes.com\/?page_id=1142"},"modified":"2018-05-25T14:17:39","modified_gmt":"2018-05-25T12:17:39","slug":"contact","status":"publish","type":"page","link":"https:\/\/chevala2pattes.com\/en\/contact\/","title":{"rendered":"Contact"},"content":{"rendered":"<p>[vc_row el_class=&#8221;jx-evont-padding&#8221; fullwidth=&#8221;yes&#8221; css=&#8221;.vc_custom_1523436989646{background-image: url(https:\/\/www.chevala2pattes.com\/wp-content\/uploads\/2018\/04\/bandeau-site-min.jpg?id=927) !important;background-position: center !important;background-repeat: no-repeat !important;background-size: cover !important;}&#8221;][vc_column][vc_column_text]<\/p>\n<h1 style=\"text-align: center;\"><span style=\"color: #ffffff; font-size: 40px;\"><strong>CONTACT<\/strong><\/span><\/h1>\n<p>[\/vc_column_text][\/vc_column][\/vc_row][vc_row el_class=&#8221;jx-evont-padding&#8221; fullwidth=&#8221;no&#8221;][vc_column width=&#8221;1\/2&#8243;]\r\n\t\t<!-- BDF CONTACT LINKS -->\r\n\t\t\t<div class=\"jx-evont-contact-info\">\r\n\t\t\t\t\t\t\t\t\t\t\t\r\n\t\t\t\t<div class=\"item-position\">\r\n\t\t\t\t\t\r\n\t\t\t\t\t<div class=\"logo\"><img src=\"\" alt=\"\"><\/div>\r\n\t\t\t\t\r\n\t\t\t\t\t<div class=\"title\">Le Cheval \u00e0 2 Pattes<\/div>\r\n\t\t\t\t\t\r\n\t\t\t\t\t<div class=\"address\">\r\n\t\t\t\t\t\t<div class=\"icon\"><i class=\"fa fa-map-marker\"><\/i><\/div>\r\n\t\t\t\t\t\t<div class=\"value\">ZAE de l'Horizon - 85130 LA GAUBRETIERE<\/div>                           \r\n\t\t\t\t\t<\/div>\r\n\t\t\t\t\t\r\n\t\t\t\t\t<div class=\"phone\">\r\n\t\t\t\t\t\t<div class=\"icon\"><i class=\"fa fa- fa-phone\"><\/i><\/div>\r\n\t\t\t\t\t\t<div class=\"value\">Tel: 02 51 57 03 04<\/div>\r\n\t\t\t\t\t\t<div class=\"value\">Fax: <\/div>\r\n\t\t\t\t\t<\/div>\r\n\t\t\t\t<\/div>\r\n\r\n\t\t\t\t\t<div class=\"email\">\r\n\t\t\t\t\t\t<div class=\"icon\"><i class=\"fa fa-envelope\"><\/i><\/div>\r\n\t\t\t\t\t\t<div class=\"value\">Email: chevala2pattes@maindronproduction.fr<\/div>\r\n\t\t\t\t\t<\/div>\r\n\t\t\t\t\r\n\t\t\t\t<div class=\"contact-social\">\r\n\t\t\t\t\t<ul>\t\t\t\t\t\t\r\n\t\t\t\t\t\t<li><a href=\"http:\/\/www.facebook.com\/ChevalA2Pattes\"><i class=\"fa fa-facebook\"><\/i><\/a><\/li>\r\n\t\t\t\t\t\t\r\n\t\t\t\t\t\t\r\n\t\t\t\t\t\t\r\n\t\t\t\t\t<\/ul>\r\n\t\t\t\t\r\n\t\t\t\t<\/div>\r\n\t\t\t\t\t\t\t\t\r\n\t\t\t<\/div>\r\n        <!-- EDF CONTACT LINKS -->\r\n\t\t[vc_column_text]<\/p>\n<h4><strong>Lieu de l&#8217;\u00e9v\u00e9nement :<\/strong><\/h4>\n<p>&nbsp;<\/p>\n<p><strong>Parc Equestre du Bocage<\/strong><\/p>\n<p>La Rebouchonni\u00e8re<\/p>\n<p>Route de Mesnard-La-Baroti\u00e8re<\/p>\n<p>85500 LES HERBIERS[\/vc_column_text][vc_gmaps link=&#8221;#E-8_JTNDaWZyYW1lJTIwc3JjJTNEJTIyaHR0cHMlM0ElMkYlMkZ3d3cuZ29vZ2xlLmNvbSUyRm1hcHMlMkZlbWJlZCUzRnBiJTNEJTIxMW0xOCUyMTFtMTIlMjExbTMlMjExZDI3MjcuNjg4MTcyNjA4NTQwOCUyMTJkLTEuMDQ0NDQ4Njg0OTQ4MDM0JTIxM2Q0Ni44Njk1MDg2NDY1OTY3MyUyMTJtMyUyMTFmMCUyMTJmMCUyMTNmMCUyMTNtMiUyMTFpMTAyNCUyMTJpNzY4JTIxNGYxMy4xJTIxM20zJTIxMW0yJTIxMXMweDQ4MDY2MTY0YjdhNWZjNjElMjUzQTB4N2Q4NDlkYWFkMzk0M2M0MSUyMTJzUGFyYyUyQiUyNUMzJTI1ODlxdWVzdHJlJTJCZHUlMkJCb2NhZ2UlMjE1ZTAlMjEzbTIlMjExc2ZyJTIxMnNmciUyMTR2MTUyMzI4NjAzNDUzMCUyMiUyMHdpZHRoJTNEJTIyNjAwJTIyJTIwaGVpZ2h0JTNEJTIyNDUwJTIyJTIwZnJhbWVib3JkZXIlM0QlMjIwJTIyJTIwc3R5bGUlM0QlMjJib3JkZXIlM0EwJTIyJTIwYWxsb3dmdWxsc2NyZWVuJTNFJTNDJTJGaWZyYW1lJTNF&#8221; size=&#8221;300&#8243;][\/vc_column][vc_column width=&#8221;1\/2&#8243;][vc_column_text]\n<div class=\"wpcf7 no-js\" id=\"wpcf7-f4-o1\" lang=\"fr-FR\" dir=\"ltr\">\n<div class=\"screen-reader-response\"><p role=\"status\" aria-live=\"polite\" aria-atomic=\"true\"><\/p> <ul><\/ul><\/div>\n<form action=\"\/en\/wp-json\/wp\/v2\/pages\/1142#wpcf7-f4-o1\" method=\"post\" class=\"wpcf7-form init\" aria-label=\"Formulaire de contact\" novalidate=\"novalidate\" data-status=\"init\">\n<div style=\"display: none;\">\n<input type=\"hidden\" name=\"_wpcf7\" value=\"4\" \/>\n<input type=\"hidden\" name=\"_wpcf7_version\" value=\"5.7.5.1\" \/>\n<input type=\"hidden\" name=\"_wpcf7_locale\" value=\"fr_FR\" \/>\n<input type=\"hidden\" name=\"_wpcf7_unit_tag\" value=\"wpcf7-f4-o1\" \/>\n<input type=\"hidden\" name=\"_wpcf7_container_post\" value=\"0\" \/>\n<input type=\"hidden\" name=\"_wpcf7_posted_data_hash\" value=\"\" \/>\n<input type=\"hidden\" name=\"_wpcf7_recaptcha_response\" value=\"\" \/>\n<\/div>\n<p><label> Votre Nom (obligatoire)<br \/>\n<span class=\"wpcf7-form-control-wrap\" data-name=\"your-name\"><input size=\"40\" class=\"wpcf7-form-control wpcf7-text wpcf7-validates-as-required\" aria-required=\"true\" aria-invalid=\"false\" value=\"\" type=\"text\" name=\"your-name\" \/><\/span> <\/label>\n<\/p>\n<p><label> Votre Email (obligatoire)<br \/>\n<span class=\"wpcf7-form-control-wrap\" data-name=\"your-email\"><input size=\"40\" class=\"wpcf7-form-control wpcf7-text wpcf7-email wpcf7-validates-as-required wpcf7-validates-as-email\" aria-required=\"true\" aria-invalid=\"false\" value=\"\" type=\"email\" name=\"your-email\" \/><\/span> <\/label>\n<\/p>\n<p><label> Objet<br \/>\n<span class=\"wpcf7-form-control-wrap\" data-name=\"your-subject\"><input size=\"40\" class=\"wpcf7-form-control wpcf7-text\" aria-invalid=\"false\" value=\"\" type=\"text\" name=\"your-subject\" \/><\/span> <\/label>\n<\/p>\n<p><label> Votre Message<br \/>\n<span class=\"wpcf7-form-control-wrap\" data-name=\"your-message\"><textarea cols=\"40\" rows=\"10\" class=\"wpcf7-form-control wpcf7-textarea\" aria-invalid=\"false\" name=\"your-message\"><\/textarea><\/span> <\/label><br \/>\n<br \/>\n<input class=\"wpcf7-form-control has-spinner wpcf7-submit\" type=\"submit\" value=\"Envoyer\" \/>\n<\/p><div class=\"wpcf7-response-output\" aria-hidden=\"true\"><\/div>\n<\/form>\n<\/div>\n[\/vc_column_text][\/vc_column][\/vc_row][vc_row el_class=&#8221;jx-evont-padding&#8221; fullwidth=&#8221;no&#8221;][vc_column width=&#8221;1\/2&#8243;][\/vc_column][vc_column width=&#8221;1\/2&#8243;][\/vc_column][\/vc_row]<\/p>\n","protected":false},"excerpt":{"rendered":"<p>[vc_row el_class=&#8221;jx-evont-padding&#8221; fullwidth=&#8221;yes&#8221; css=&#8221;.vc_custom_1523436989646{background-image: url(https:\/\/www.chevala2pattes.com\/wp-content\/uploads\/2018\/04\/bandeau-site-min.jpg?id=927) !important;background-position: center !important;background-repeat: no-repeat !important;background-size: cover !important;}&#8221;][vc_column][vc_column_text] CONTACT [\/vc_column_text][\/vc_column][\/vc_row][vc_row el_class=&#8221;jx-evont-padding&#8221; fullwidth=&#8221;no&#8221;][vc_column width=&#8221;1\/2&#8243;][vc_column_text] Lieu de l&#8217;\u00e9v\u00e9nement : &nbsp; Parc Equestre du Bocage La Rebouchonni\u00e8re Route de Mesnard-La-Baroti\u00e8re 85500 LES HERBIERS[\/vc_column_text][vc_gmaps link=&#8221;#E-8_JTNDaWZyYW1lJTIwc3JjJTNEJTIyaHR0cHMlM0ElMkYlMkZ3d3cuZ29vZ2xlLmNvbSUyRm1hcHMlMkZlbWJlZCUzRnBiJTNEJTIxMW0xOCUyMTFtMTIlMjExbTMlMjExZDI3MjcuNjg4MTcyNjA4NTQwOCUyMTJkLTEuMDQ0NDQ4Njg0OTQ4MDM0JTIxM2Q0Ni44Njk1MDg2NDY1OTY3MyUyMTJtMyUyMTFmMCUyMTJmMCUyMTNmMCUyMTNtMiUyMTFpMTAyNCUyMTJpNzY4JTIxNGYxMy4xJTIxM20zJTIxMW0yJTIxMXMweDQ4MDY2MTY0YjdhNWZjNjElMjUzQTB4N2Q4NDlkYWFkMzk0M2M0MSUyMTJzUGFyYyUyQiUyNUMzJTI1ODlxdWVzdHJlJTJCZHUlMkJCb2NhZ2UlMjE1ZTAlMjEzbTIlMjExc2ZyJTIxMnNmciUyMTR2MTUyMzI4NjAzNDUzMCUyMiUyMHdpZHRoJTNEJTIyNjAwJTIyJTIwaGVpZ2h0JTNEJTIyNDUwJTIyJTIwZnJhbWVib3JkZXIlM0QlMjIwJTIyJTIwc3R5bGUlM0QlMjJib3JkZXIlM0EwJTIyJTIwYWxsb3dmdWxsc2NyZWVuJTNFJTNDJTJGaWZyYW1lJTNF&#8221; size=&#8221;300&#8243;][\/vc_column][vc_column width=&#8221;1\/2&#8243;][vc_column_text][\/vc_column_text][\/vc_column][\/vc_row][vc_row el_class=&#8221;jx-evont-padding&#8221; fullwidth=&#8221;no&#8221;][vc_column width=&#8221;1\/2&#8243;][\/vc_column][vc_column width=&#8221;1\/2&#8243;][\/vc_column][\/vc_row]<\/p>\n","protected":false},"author":2,"featured_media":0,"parent":0,"menu_order":0,"comment_status":"closed","ping_status":"closed","template":"template-fullwidth.php","meta":{"_mi_skip_tracking":false},"yoast_head":"<!-- This site is optimized with the Yoast SEO plugin v20.3 - https:\/\/yoast.com\/wordpress\/plugins\/seo\/ -->\n<title>Contact - Cheval \u00e0 2 pattes<\/title>\n<meta name=\"robots\" content=\"index, follow, max-snippet:-1, max-image-preview:large, max-video-preview:-1\" \/>\n<link rel=\"canonical\" href=\"https:\/\/chevala2pattes.com\/en\/contact\/\" \/>\n<meta property=\"og:locale\" content=\"en_US\" \/>\n<meta property=\"og:type\" content=\"article\" \/>\n<meta property=\"og:title\" content=\"Contact - Cheval \u00e0 2 pattes\" \/>\n<meta property=\"og:description\" content=\"[vc_row el_class=&#8221;jx-evont-padding&#8221; fullwidth=&#8221;yes&#8221; css=&#8221;.vc_custom_1523436989646{background-image: url(https:\/\/www.chevala2pattes.com\/wp-content\/uploads\/2018\/04\/bandeau-site-min.jpg?id=927) !important;background-position: center !important;background-repeat: no-repeat !important;background-size: cover !important;}&#8221;][vc_column][vc_column_text] CONTACT [\/vc_column_text][\/vc_column][\/vc_row][vc_row el_class=&#8221;jx-evont-padding&#8221; fullwidth=&#8221;no&#8221;][vc_column width=&#8221;1\/2&#8243;][vc_column_text] Lieu de l&#8217;\u00e9v\u00e9nement : &nbsp; Parc Equestre du Bocage La Rebouchonni\u00e8re Route de Mesnard-La-Baroti\u00e8re 85500 LES HERBIERS[\/vc_column_text][vc_gmaps link=&#8221;#E-8_JTNDaWZyYW1lJTIwc3JjJTNEJTIyaHR0cHMlM0ElMkYlMkZ3d3cuZ29vZ2xlLmNvbSUyRm1hcHMlMkZlbWJlZCUzRnBiJTNEJTIxMW0xOCUyMTFtMTIlMjExbTMlMjExZDI3MjcuNjg4MTcyNjA4NTQwOCUyMTJkLTEuMDQ0NDQ4Njg0OTQ4MDM0JTIxM2Q0Ni44Njk1MDg2NDY1OTY3MyUyMTJtMyUyMTFmMCUyMTJmMCUyMTNmMCUyMTNtMiUyMTFpMTAyNCUyMTJpNzY4JTIxNGYxMy4xJTIxM20zJTIxMW0yJTIxMXMweDQ4MDY2MTY0YjdhNWZjNjElMjUzQTB4N2Q4NDlkYWFkMzk0M2M0MSUyMTJzUGFyYyUyQiUyNUMzJTI1ODlxdWVzdHJlJTJCZHUlMkJCb2NhZ2UlMjE1ZTAlMjEzbTIlMjExc2ZyJTIxMnNmciUyMTR2MTUyMzI4NjAzNDUzMCUyMiUyMHdpZHRoJTNEJTIyNjAwJTIyJTIwaGVpZ2h0JTNEJTIyNDUwJTIyJTIwZnJhbWVib3JkZXIlM0QlMjIwJTIyJTIwc3R5bGUlM0QlMjJib3JkZXIlM0EwJTIyJTIwYWxsb3dmdWxsc2NyZWVuJTNFJTNDJTJGaWZyYW1lJTNF&#8221; size=&#8221;300&#8243;][\/vc_column][vc_column width=&#8221;1\/2&#8243;][vc_column_text][\/vc_column_text][\/vc_column][\/vc_row][vc_row el_class=&#8221;jx-evont-padding&#8221; fullwidth=&#8221;no&#8221;][vc_column width=&#8221;1\/2&#8243;][\/vc_column][vc_column width=&#8221;1\/2&#8243;][\/vc_column][\/vc_row]\" \/>\n<meta property=\"og:url\" content=\"https:\/\/chevala2pattes.com\/en\/contact\/\" \/>\n<meta property=\"og:site_name\" content=\"Cheval \u00e0 2 pattes\" \/>\n<meta property=\"article:modified_time\" content=\"2018-05-25T12:17:39+00:00\" \/>\n<meta name=\"twitter:card\" content=\"summary_large_image\" \/>\n<meta name=\"twitter:label1\" content=\"Est. reading time\" \/>\n\t<meta name=\"twitter:data1\" content=\"1 minute\" \/>\n<script type=\"application\/ld+json\" class=\"yoast-schema-graph\">{\"@context\":\"https:\/\/schema.org\",\"@graph\":[{\"@type\":\"WebPage\",\"@id\":\"https:\/\/chevala2pattes.com\/en\/contact\/\",\"url\":\"https:\/\/chevala2pattes.com\/en\/contact\/\",\"name\":\"Contact - Cheval \u00e0 2 pattes\",\"isPartOf\":{\"@id\":\"https:\/\/chevala2pattes.com\/#website\"},\"datePublished\":\"2018-05-23T09:18:32+00:00\",\"dateModified\":\"2018-05-25T12:17:39+00:00\",\"breadcrumb\":{\"@id\":\"https:\/\/chevala2pattes.com\/en\/contact\/#breadcrumb\"},\"inLanguage\":\"en-US\",\"potentialAction\":[{\"@type\":\"ReadAction\",\"target\":[\"https:\/\/chevala2pattes.com\/en\/contact\/\"]}]},{\"@type\":\"BreadcrumbList\",\"@id\":\"https:\/\/chevala2pattes.com\/en\/contact\/#breadcrumb\",\"itemListElement\":[{\"@type\":\"ListItem\",\"position\":1,\"name\":\"Accueil\",\"item\":\"https:\/\/chevala2pattes.com\/en\/\"},{\"@type\":\"ListItem\",\"position\":2,\"name\":\"Contact\"}]},{\"@type\":\"WebSite\",\"@id\":\"https:\/\/chevala2pattes.com\/#website\",\"url\":\"https:\/\/chevala2pattes.com\/\",\"name\":\"Cheval \u00e0 2 pattes\",\"description\":\"1er Championnat du Monde du Cheval \u00e0 2 Pattes\",\"potentialAction\":[{\"@type\":\"SearchAction\",\"target\":{\"@type\":\"EntryPoint\",\"urlTemplate\":\"https:\/\/chevala2pattes.com\/?s={search_term_string}\"},\"query-input\":\"required name=search_term_string\"}],\"inLanguage\":\"en-US\"}]}<\/script>\n<!-- \/ Yoast SEO plugin. -->","yoast_head_json":{"title":"Contact - Cheval \u00e0 2 pattes","robots":{"index":"index","follow":"follow","max-snippet":"max-snippet:-1","max-image-preview":"max-image-preview:large","max-video-preview":"max-video-preview:-1"},"canonical":"https:\/\/chevala2pattes.com\/en\/contact\/","og_locale":"en_US","og_type":"article","og_title":"Contact - Cheval \u00e0 2 pattes","og_description":"[vc_row el_class=&#8221;jx-evont-padding&#8221; fullwidth=&#8221;yes&#8221; css=&#8221;.vc_custom_1523436989646{background-image: url(https:\/\/www.chevala2pattes.com\/wp-content\/uploads\/2018\/04\/bandeau-site-min.jpg?id=927) !important;background-position: center !important;background-repeat: no-repeat !important;background-size: cover !important;}&#8221;][vc_column][vc_column_text] CONTACT [\/vc_column_text][\/vc_column][\/vc_row][vc_row el_class=&#8221;jx-evont-padding&#8221; fullwidth=&#8221;no&#8221;][vc_column width=&#8221;1\/2&#8243;][vc_column_text] Lieu de l&#8217;\u00e9v\u00e9nement : &nbsp; Parc Equestre du Bocage La Rebouchonni\u00e8re Route de Mesnard-La-Baroti\u00e8re 85500 LES HERBIERS[\/vc_column_text][vc_gmaps link=&#8221;#E-8_JTNDaWZyYW1lJTIwc3JjJTNEJTIyaHR0cHMlM0ElMkYlMkZ3d3cuZ29vZ2xlLmNvbSUyRm1hcHMlMkZlbWJlZCUzRnBiJTNEJTIxMW0xOCUyMTFtMTIlMjExbTMlMjExZDI3MjcuNjg4MTcyNjA4NTQwOCUyMTJkLTEuMDQ0NDQ4Njg0OTQ4MDM0JTIxM2Q0Ni44Njk1MDg2NDY1OTY3MyUyMTJtMyUyMTFmMCUyMTJmMCUyMTNmMCUyMTNtMiUyMTFpMTAyNCUyMTJpNzY4JTIxNGYxMy4xJTIxM20zJTIxMW0yJTIxMXMweDQ4MDY2MTY0YjdhNWZjNjElMjUzQTB4N2Q4NDlkYWFkMzk0M2M0MSUyMTJzUGFyYyUyQiUyNUMzJTI1ODlxdWVzdHJlJTJCZHUlMkJCb2NhZ2UlMjE1ZTAlMjEzbTIlMjExc2ZyJTIxMnNmciUyMTR2MTUyMzI4NjAzNDUzMCUyMiUyMHdpZHRoJTNEJTIyNjAwJTIyJTIwaGVpZ2h0JTNEJTIyNDUwJTIyJTIwZnJhbWVib3JkZXIlM0QlMjIwJTIyJTIwc3R5bGUlM0QlMjJib3JkZXIlM0EwJTIyJTIwYWxsb3dmdWxsc2NyZWVuJTNFJTNDJTJGaWZyYW1lJTNF&#8221; size=&#8221;300&#8243;][\/vc_column][vc_column width=&#8221;1\/2&#8243;][vc_column_text][\/vc_column_text][\/vc_column][\/vc_row][vc_row el_class=&#8221;jx-evont-padding&#8221; fullwidth=&#8221;no&#8221;][vc_column width=&#8221;1\/2&#8243;][\/vc_column][vc_column width=&#8221;1\/2&#8243;][\/vc_column][\/vc_row]","og_url":"https:\/\/chevala2pattes.com\/en\/contact\/","og_site_name":"Cheval \u00e0 2 pattes","article_modified_time":"2018-05-25T12:17:39+00:00","twitter_card":"summary_large_image","twitter_misc":{"Est. reading time":"1 minute"},"schema":{"@context":"https:\/\/schema.org","@graph":[{"@type":"WebPage","@id":"https:\/\/chevala2pattes.com\/en\/contact\/","url":"https:\/\/chevala2pattes.com\/en\/contact\/","name":"Contact - Cheval \u00e0 2 pattes","isPartOf":{"@id":"https:\/\/chevala2pattes.com\/#website"},"datePublished":"2018-05-23T09:18:32+00:00","dateModified":"2018-05-25T12:17:39+00:00","breadcrumb":{"@id":"https:\/\/chevala2pattes.com\/en\/contact\/#breadcrumb"},"inLanguage":"en-US","potentialAction":[{"@type":"ReadAction","target":["https:\/\/chevala2pattes.com\/en\/contact\/"]}]},{"@type":"BreadcrumbList","@id":"https:\/\/chevala2pattes.com\/en\/contact\/#breadcrumb","itemListElement":[{"@type":"ListItem","position":1,"name":"Accueil","item":"https:\/\/chevala2pattes.com\/en\/"},{"@type":"ListItem","position":2,"name":"Contact"}]},{"@type":"WebSite","@id":"https:\/\/chevala2pattes.com\/#website","url":"https:\/\/chevala2pattes.com\/","name":"Cheval \u00e0 2 pattes","description":"1er Championnat du Monde du Cheval \u00e0 2 Pattes","potentialAction":[{"@type":"SearchAction","target":{"@type":"EntryPoint","urlTemplate":"https:\/\/chevala2pattes.com\/?s={search_term_string}"},"query-input":"required name=search_term_string"}],"inLanguage":"en-US"}]}},"_links":{"self":[{"href":"https:\/\/chevala2pattes.com\/en\/wp-json\/wp\/v2\/pages\/1142"}],"collection":[{"href":"https:\/\/chevala2pattes.com\/en\/wp-json\/wp\/v2\/pages"}],"about":[{"href":"https:\/\/chevala2pattes.com\/en\/wp-json\/wp\/v2\/types\/page"}],"author":[{"embeddable":true,"href":"https:\/\/chevala2pattes.com\/en\/wp-json\/wp\/v2\/users\/2"}],"replies":[{"embeddable":true,"href":"https:\/\/chevala2pattes.com\/en\/wp-json\/wp\/v2\/comments?post=1142"}],"version-history":[{"count":2,"href":"https:\/\/chevala2pattes.com\/en\/wp-json\/wp\/v2\/pages\/1142\/revisions"}],"predecessor-version":[{"id":1203,"href":"https:\/\/chevala2pattes.com\/en\/wp-json\/wp\/v2\/pages\/1142\/revisions\/1203"}],"wp:attachment":[{"href":"https:\/\/chevala2pattes.com\/en\/wp-json\/wp\/v2\/media?parent=1142"}],"curies":[{"name":"wp","href":"https:\/\/api.w.org\/{rel}","templated":true}]}}